{"id":3513,"date":"2023-05-10T10:24:16","date_gmt":"2023-05-10T08:24:16","guid":{"rendered":"https:\/\/joseangelalmela.es\/?page_id=3513"},"modified":"2023-11-03T11:08:36","modified_gmt":"2023-11-03T10:08:36","slug":"proyectos","status":"publish","type":"page","link":"https:\/\/joseangelalmela.es\/en\/proyectos\/","title":{"rendered":"Projects"},"content":{"rendered":"<div data-elementor-type=\"wp-page\" data-elementor-id=\"3513\" class=\"elementor elementor-3513\" data-elementor-post-type=\"page\">\n\t\t\t\t\t\t<section class=\"elementor-section elementor-top-section elementor-element elementor-element-bc0ceda elementor-section-full_width elementor-section-height-min-height elementor-section-height-default elementor-section-items-middle\" data-id=\"bc0ceda\" data-element_type=\"section\" data-settings=\"{&quot;background_background&quot;:&quot;classic&quot;}\">\n\t\t\t\t\t\t<div class=\"elementor-container elementor-column-gap-default\">\n\t\t\t\t\t<div class=\"elementor-column elementor-col-100 elementor-top-column elementor-element elementor-element-f8e5a2b\" data-id=\"f8e5a2b\" data-element_type=\"column\">\n\t\t\t<div class=\"elementor-widget-wrap elementor-element-populated\">\n\t\t\t\t\t\t<div class=\"elementor-element elementor-element-0466fe8 elementor-widget-mobile__width-initial elementor-widget elementor-widget-heading\" data-id=\"0466fe8\" data-element_type=\"widget\" data-widget_type=\"heading.default\">\n\t\t\t\t<div class=\"elementor-widget-container\">\n\t\t\t<h1 class=\"elementor-heading-title elementor-size-default\">Projects<\/h1>\t\t<\/div>\n\t\t\t\t<\/div>\n\t\t\t\t\t<\/div>\n\t\t<\/div>\n\t\t\t\t\t<\/div>\n\t\t<\/section>\n\t\t\t\t<section class=\"elementor-section elementor-top-section elementor-element elementor-element-31b768c elementor-section-boxed elementor-section-height-default elementor-section-height-default\" data-id=\"31b768c\" data-element_type=\"section\">\n\t\t\t\t\t\t<div class=\"elementor-container elementor-column-gap-default\">\n\t\t\t\t\t<div class=\"elementor-column elementor-col-100 elementor-top-column elementor-element elementor-element-eae053d\" data-id=\"eae053d\" data-element_type=\"column\">\n\t\t\t<div class=\"elementor-widget-wrap\">\n\t\t\t\t\t\t\t<\/div>\n\t\t<\/div>\n\t\t\t\t\t<\/div>\n\t\t<\/section>\n\t\t\t\t<section class=\"elementor-section elementor-top-section elementor-element elementor-element-069875e elementor-section-boxed elementor-section-height-default elementor-section-height-default\" data-id=\"069875e\" data-element_type=\"section\">\n\t\t\t\t\t\t<div class=\"elementor-container elementor-column-gap-default\">\n\t\t\t\t\t<div class=\"elementor-column elementor-col-100 elementor-top-column elementor-element elementor-element-ddf0aea\" data-id=\"ddf0aea\" data-element_type=\"column\">\n\t\t\t<div class=\"elementor-widget-wrap elementor-element-populated\">\n\t\t\t\t\t\t<div class=\"elementor-element elementor-element-baffd49 elementor-widget elementor-widget-image\" data-id=\"baffd49\" data-element_type=\"widget\" data-widget_type=\"image.default\">\n\t\t\t\t<div class=\"elementor-widget-container\">\n\t\t\t\t\t\t\t\t\t\t\t\t\t<img fetchpriority=\"high\" decoding=\"async\" width=\"512\" height=\"512\" src=\"https:\/\/joseangelalmela.es\/wp-content\/uploads\/2023\/05\/proyectos.png\" class=\"attachment-large size-large wp-image-3518\" alt=\"Icono Mis proyectos\" srcset=\"https:\/\/joseangelalmela.es\/wp-content\/uploads\/2023\/05\/proyectos.png 512w, https:\/\/joseangelalmela.es\/wp-content\/uploads\/2023\/05\/proyectos-300x300.png 300w, https:\/\/joseangelalmela.es\/wp-content\/uploads\/2023\/05\/proyectos-150x150.png 150w, https:\/\/joseangelalmela.es\/wp-content\/uploads\/2023\/05\/proyectos-12x12.png 12w\" sizes=\"(max-width: 512px) 100vw, 512px\" \/>\t\t\t\t\t\t\t\t\t\t\t\t\t<\/div>\n\t\t\t\t<\/div>\n\t\t\t\t<div class=\"elementor-element elementor-element-f495ca0 elementor-widget elementor-widget-text-editor\" data-id=\"f495ca0\" data-element_type=\"widget\" data-widget_type=\"text-editor.default\">\n\t\t\t\t<div class=\"elementor-widget-container\">\n\t\t\t\t\t\t\t<p>Welcome to my gallery of architectural projects. Here you will find a selection of some of the projects I have carried out throughout my career as an architect.<\/p><p>Each of the projects you will see here has been designed and built with passion and dedication to meet the needs and desires of my clients. From single-family homes to large commercial buildings, each project is unique and reflects my clients&#039; vision and lifestyle.<\/p><p>In my portfolio of architectural projects you will find a wide variety of architectural designs and styles, from traditional to contemporary. My approach is always to find the best solution for each project, taking into account the location, climate, local culture and the needs of the users.<\/p><p>I am proud of each of these projects, not only for their design and construction, but also for the positive impact they have had on the lives of the people who use them. I hope you enjoy this gallery as much as I enjoyed creating these projects. If you are interested in collaborating on your own architectural project, please feel free to contact me for a chat.<\/p>\t\t\t\t\t\t<\/div>\n\t\t\t\t<\/div>\n\t\t\t\t\t<\/div>\n\t\t<\/div>\n\t\t\t\t\t<\/div>\n\t\t<\/section>\n\t\t\t\t<section class=\"elementor-section elementor-top-section elementor-element elementor-element-347ab82 elementor-section-boxed elementor-section-height-default elementor-section-height-default\" data-id=\"347ab82\" data-element_type=\"section\">\n\t\t\t\t\t\t<div class=\"elementor-container elementor-column-gap-default\">\n\t\t\t\t\t<div class=\"elementor-column elementor-col-100 elementor-top-column elementor-element elementor-element-847b0e8\" data-id=\"847b0e8\" data-element_type=\"column\">\n\t\t\t<div class=\"elementor-widget-wrap elementor-element-populated\">\n\t\t\t\t\t\t<div class=\"elementor-element elementor-element-1e5ea31 elementor-widget elementor-widget-ucaddon_uc_tiles_columns_image\" data-id=\"1e5ea31\" data-element_type=\"widget\" data-widget_type=\"ucaddon_uc_tiles_columns_image.default\">\n\t\t\t\t<div class=\"elementor-widget-container\">\n\t\t\t<!-- start Masonry Gallery -->\n\t\t<link id='unitegallery-css' href='https:\/\/joseangelalmela.es\/wp-content\/plugins\/unlimited-elements-for-elementor-premium\/assets_libraries\/unitegallery\/css\/unite-gallery.css' type='text\/css' rel='stylesheet' >\n\t\t<link id='uc_ac_assets_file_uc_columns_unite_gallery_css_37416-css' href='https:\/\/joseangelalmela.es\/wp-content\/uploads\/ac_assets\/uc_tiles_columns_image\/uc-columns-unite-gallery.css' type='text\/css' rel='stylesheet' >\n\n\n\t\t\t<div id=\"uc_uc_tiles_columns_image_elementor19623\" style=\"display:none;\" class=\"uc-items-wrapper\" data-custom-sethtml=\"true\" >\n\n\n<img decoding=\"async\" alt=\"proyecto-edificio-2\"\n   src=\"https:\/\/joseangelalmela.es\/wp-content\/uploads\/2023\/05\/proyecto-edificio-2-768x431.jpg\"\n    data-image=\"https:\/\/joseangelalmela.es\/wp-content\/uploads\/2023\/05\/proyecto-edificio-2-1024x575.jpg\"\n    data-title=\"proyecto-edificio-2\">\n\n<img decoding=\"async\" alt=\"proyecto-edificio-1\"\n   src=\"https:\/\/joseangelalmela.es\/wp-content\/uploads\/2023\/05\/proyecto-edificio-1.jpg\"\n    data-image=\"https:\/\/joseangelalmela.es\/wp-content\/uploads\/2023\/05\/proyecto-edificio-1.jpg\"\n    data-title=\"proyecto-edificio-1\">\n\n<img decoding=\"async\" alt=\"proyecto-edificio-3\"\n   src=\"https:\/\/joseangelalmela.es\/wp-content\/uploads\/2023\/05\/proyecto-edificio-3-768x575.jpg\"\n    data-image=\"https:\/\/joseangelalmela.es\/wp-content\/uploads\/2023\/05\/proyecto-edificio-3-1024x767.jpg\"\n    data-title=\"proyecto-edificio-3\">\n\n<img decoding=\"async\" alt=\"proyecto-edificio-4\"\n   src=\"https:\/\/joseangelalmela.es\/wp-content\/uploads\/2023\/05\/proyecto-edificio-4-768x432.jpg\"\n    data-image=\"https:\/\/joseangelalmela.es\/wp-content\/uploads\/2023\/05\/proyecto-edificio-4-1024x576.jpg\"\n    data-title=\"proyecto-edificio-4\">\n\n<img decoding=\"async\" alt=\"proyecto-edificio-5\"\n   src=\"https:\/\/joseangelalmela.es\/wp-content\/uploads\/2023\/05\/proyecto-edificio-5-768x575.jpg\"\n    data-image=\"https:\/\/joseangelalmela.es\/wp-content\/uploads\/2023\/05\/proyecto-edificio-5.jpg\"\n    data-title=\"proyecto-edificio-5\">\n\n<img decoding=\"async\" alt=\"proyecto-edificio-6\"\n   src=\"https:\/\/joseangelalmela.es\/wp-content\/uploads\/2023\/05\/proyecto-edificio-6-768x575.jpg\"\n    data-image=\"https:\/\/joseangelalmela.es\/wp-content\/uploads\/2023\/05\/proyecto-edificio-6.jpg\"\n    data-title=\"proyecto-edificio-6\">\n\n<img decoding=\"async\" alt=\"proyecto-edificio-7\"\n   src=\"https:\/\/joseangelalmela.es\/wp-content\/uploads\/2023\/05\/proyecto-edificio-7-768x1023.jpg\"\n    data-image=\"https:\/\/joseangelalmela.es\/wp-content\/uploads\/2023\/05\/proyecto-edificio-7-768x1024.jpg\"\n    data-title=\"proyecto-edificio-7\">\n\n<img decoding=\"async\" alt=\"proyecto-vivienda-1\"\n   src=\"https:\/\/joseangelalmela.es\/wp-content\/uploads\/2023\/05\/proyecto-vivienda-1-768x577.jpg\"\n    data-image=\"https:\/\/joseangelalmela.es\/wp-content\/uploads\/2023\/05\/proyecto-vivienda-1.jpg\"\n    data-title=\"proyecto-vivienda-1\">\n\n<img decoding=\"async\" alt=\"proyecto-edificio-8\"\n   src=\"https:\/\/joseangelalmela.es\/wp-content\/uploads\/2023\/05\/proyecto-edificio-8-768x1025.jpg\"\n    data-image=\"https:\/\/joseangelalmela.es\/wp-content\/uploads\/2023\/05\/proyecto-edificio-8-768x1024.jpg\"\n    data-title=\"proyecto-edificio-8\">\n\n<img decoding=\"async\" alt=\"proyecto-edificio-9\"\n   src=\"https:\/\/joseangelalmela.es\/wp-content\/uploads\/2023\/05\/proyecto-edificio-9.jpg\"\n    data-image=\"https:\/\/joseangelalmela.es\/wp-content\/uploads\/2023\/05\/proyecto-edificio-9.jpg\"\n    data-title=\"proyecto-edificio-9\">\n\n<img decoding=\"async\" alt=\"proyecto-edificio-10\"\n   src=\"https:\/\/joseangelalmela.es\/wp-content\/uploads\/2023\/05\/proyecto-edificio-10-768x576.jpg\"\n    data-image=\"https:\/\/joseangelalmela.es\/wp-content\/uploads\/2023\/05\/proyecto-edificio-10.jpg\"\n    data-title=\"proyecto-edificio-10\">\n\n<img decoding=\"async\" alt=\"proyecto-placas-solares\"\n   src=\"https:\/\/joseangelalmela.es\/wp-content\/uploads\/2023\/05\/proyecto-placas-solares-768x576.jpg\"\n    data-image=\"https:\/\/joseangelalmela.es\/wp-content\/uploads\/2023\/05\/proyecto-placas-solares-1024x768.jpg\"\n    data-title=\"proyecto-placas-solares\">\n\n<img decoding=\"async\" alt=\"proyecto-vivienda-2\"\n   src=\"https:\/\/joseangelalmela.es\/wp-content\/uploads\/2023\/05\/proyecto-vivienda-2-768x577.jpg\"\n    data-image=\"https:\/\/joseangelalmela.es\/wp-content\/uploads\/2023\/05\/proyecto-vivienda-2-1024x769.jpg\"\n    data-title=\"proyecto-vivienda-2\">\n\n<img decoding=\"async\" alt=\"proyecto-Medina-Siyasa-1\"\n   src=\"https:\/\/joseangelalmela.es\/wp-content\/uploads\/2023\/05\/proyecto-Medina-Siyasa-1-768x435.jpg\"\n    data-image=\"https:\/\/joseangelalmela.es\/wp-content\/uploads\/2023\/05\/proyecto-Medina-Siyasa-1.jpg\"\n    data-title=\"proyecto-Medina-Siyasa-1\">\n\n<img decoding=\"async\" alt=\"proyecto-edificio-11\"\n   src=\"https:\/\/joseangelalmela.es\/wp-content\/uploads\/2023\/05\/proyecto-edificio-11-768x576.jpg\"\n    data-image=\"https:\/\/joseangelalmela.es\/wp-content\/uploads\/2023\/05\/proyecto-edificio-11-1024x768.jpg\"\n    data-title=\"proyecto-edificio-11\">\n\n<img decoding=\"async\" alt=\"proyecto-vivienda-3\"\n   src=\"https:\/\/joseangelalmela.es\/wp-content\/uploads\/2023\/05\/proyecto-vivienda-3-768x489.jpg\"\n    data-image=\"https:\/\/joseangelalmela.es\/wp-content\/uploads\/2023\/05\/proyecto-vivienda-3.jpg\"\n    data-title=\"proyecto-vivienda-3\">\n\n<img decoding=\"async\" alt=\"proyecto-vivienda-4\"\n   src=\"https:\/\/joseangelalmela.es\/wp-content\/uploads\/2023\/05\/proyecto-vivienda-4-768x511.jpg\"\n    data-image=\"https:\/\/joseangelalmela.es\/wp-content\/uploads\/2023\/05\/proyecto-vivienda-4-1024x681.jpg\"\n    data-title=\"proyecto-vivienda-4\">\n\n<img decoding=\"async\" alt=\"proyecto-Medina-Siyasa-2\"\n   src=\"https:\/\/joseangelalmela.es\/wp-content\/uploads\/2023\/05\/proyecto-Medina-Siyasa-2-768x575.jpg\"\n    data-image=\"https:\/\/joseangelalmela.es\/wp-content\/uploads\/2023\/05\/proyecto-Medina-Siyasa-2.jpg\"\n    data-title=\"proyecto-Medina-Siyasa-2\">\n\n<img decoding=\"async\" alt=\"proyecto-Medina-Siyasa-3\"\n   src=\"https:\/\/joseangelalmela.es\/wp-content\/uploads\/2023\/05\/proyecto-Medina-Siyasa-3-768x513.jpg\"\n    data-image=\"https:\/\/joseangelalmela.es\/wp-content\/uploads\/2023\/05\/proyecto-Medina-Siyasa-3-1024x684.jpg\"\n    data-title=\"proyecto-Medina-Siyasa-3\">\n\n  \n<\/div>\n\t\t\t<!-- end Masonry Gallery -->\t\t<\/div>\n\t\t\t\t<\/div>\n\t\t\t\t\t<\/div>\n\t\t<\/div>\n\t\t\t\t\t<\/div>\n\t\t<\/section>\n\t\t\t\t<section class=\"elementor-section elementor-top-section elementor-element elementor-element-9423c7a elementor-section-boxed elementor-section-height-default elementor-section-height-default\" data-id=\"9423c7a\" data-element_type=\"section\" data-settings=\"{&quot;background_background&quot;:&quot;classic&quot;}\">\n\t\t\t\t\t\t\t<div class=\"elementor-background-overlay\"><\/div>\n\t\t\t\t\t\t\t<div class=\"elementor-container elementor-column-gap-default\">\n\t\t\t\t\t<div class=\"elementor-column elementor-col-50 elementor-top-column elementor-element elementor-element-1fa2ba1\" data-id=\"1fa2ba1\" data-element_type=\"column\">\n\t\t\t<div class=\"elementor-widget-wrap elementor-element-populated\">\n\t\t\t\t\t\t<div class=\"elementor-element elementor-element-86efea1 elementor-widget elementor-widget-heading\" data-id=\"86efea1\" data-element_type=\"widget\" data-widget_type=\"heading.default\">\n\t\t\t\t<div class=\"elementor-widget-container\">\n\t\t\t<h2 class=\"elementor-heading-title elementor-size-default\">Contact me<\/h2>\t\t<\/div>\n\t\t\t\t<\/div>\n\t\t\t\t<div class=\"elementor-element elementor-element-9d6caa0 elementor-widget elementor-widget-text-editor\" data-id=\"9d6caa0\" data-element_type=\"widget\" data-widget_type=\"text-editor.default\">\n\t\t\t\t<div class=\"elementor-widget-container\">\n\t\t\t\t\t\t\t<p>Get in touch with me to bring your architecture projects to life. I am willing to listen to your ideas and turn them into reality.<\/p><p>Send us a message now!<\/p>\t\t\t\t\t\t<\/div>\n\t\t\t\t<\/div>\n\t\t\t\t\t<\/div>\n\t\t<\/div>\n\t\t\t\t<div class=\"elementor-column elementor-col-50 elementor-top-column elementor-element elementor-element-b99a414\" data-id=\"b99a414\" data-element_type=\"column\">\n\t\t\t<div class=\"elementor-widget-wrap elementor-element-populated\">\n\t\t\t\t\t\t<div class=\"elementor-element elementor-element-89658d5 elementor-button-align-start elementor-widget__width-initial elementor-widget elementor-widget-form\" data-id=\"89658d5\" data-element_type=\"widget\" data-settings=\"{&quot;step_next_label&quot;:&quot;Siguiente&quot;,&quot;step_previous_label&quot;:&quot;Anterior&quot;,&quot;button_width&quot;:&quot;100&quot;,&quot;step_type&quot;:&quot;number_text&quot;,&quot;step_icon_shape&quot;:&quot;circle&quot;}\" data-widget_type=\"form.default\">\n\t\t\t\t<div class=\"elementor-widget-container\">\n\t\t\t\t\t<form class=\"elementor-form\" method=\"post\" name=\"Nuevo formulario\" action=\"\">\n\t\t\t<input type=\"hidden\" name=\"post_id\" value=\"3513\"\/>\n\t\t\t<input type=\"hidden\" name=\"form_id\" value=\"89658d5\"\/>\n\t\t\t<input type=\"hidden\" name=\"referer_title\" value=\"\" \/>\n\n\t\t\t\n\t\t\t<div class=\"elementor-form-fields-wrapper elementor-labels-above\">\n\t\t\t\t\t\t\t\t<div class=\"elementor-field-type-text elementor-field-group elementor-column elementor-field-group-name elementor-col-100\">\n\t\t\t\t\t\t\t\t\t\t\t\t<label for=\"form-field-name\" class=\"elementor-field-label\">\n\t\t\t\t\t\t\t\tName\t\t\t\t\t\t\t<\/label>\n\t\t\t\t\t\t\t\t\t\t\t\t\t\t<input size=\"1\" type=\"text\" name=\"form_fields[name]\" id=\"form-field-name\" class=\"elementor-field elementor-size-sm  elementor-field-textual\">\n\t\t\t\t\t\t\t\t\t\t\t<\/div>\n\t\t\t\t\t\t\t\t<div class=\"elementor-field-type-email elementor-field-group elementor-column elementor-field-group-email elementor-col-100 elementor-field-required\">\n\t\t\t\t\t\t\t\t\t\t\t\t<label for=\"form-field-email\" class=\"elementor-field-label\">\n\t\t\t\t\t\t\t\tEmail\t\t\t\t\t\t\t<\/label>\n\t\t\t\t\t\t\t\t\t\t\t\t\t\t<input size=\"1\" type=\"email\" name=\"form_fields[email]\" id=\"form-field-email\" class=\"elementor-field elementor-size-sm  elementor-field-textual\" required=\"required\" aria-required=\"true\">\n\t\t\t\t\t\t\t\t\t\t\t<\/div>\n\t\t\t\t\t\t\t\t<div class=\"elementor-field-type-textarea elementor-field-group elementor-column elementor-field-group-message elementor-col-100\">\n\t\t\t\t\t\t\t\t\t\t\t\t<label for=\"form-field-message\" class=\"elementor-field-label\">\n\t\t\t\t\t\t\t\tMessage\t\t\t\t\t\t\t<\/label>\n\t\t\t\t\t\t<textarea class=\"elementor-field-textual elementor-field  elementor-size-sm\" name=\"form_fields[message]\" id=\"form-field-message\" rows=\"4\"><\/textarea>\t\t\t\t<\/div>\n\t\t\t\t\t\t\t\t<div class=\"elementor-field-group elementor-column elementor-field-type-submit elementor-col-100 e-form__buttons\">\n\t\t\t\t\t<button class=\"elementor-button elementor-size-sm\" type=\"submit\">\n\t\t\t\t\t\t<span class=\"elementor-button-content-wrapper\">\n\t\t\t\t\t\t\t\t\t\t\t\t\t\t\t\t\t\t\t\t\t\t<span class=\"elementor-button-text\">Send<\/span>\n\t\t\t\t\t\t\t\t\t\t\t\t\t<\/span>\n\t\t\t\t\t<\/button>\n\t\t\t\t<\/div>\n\t\t\t<\/div>\n\t\t<input type=\"hidden\" name=\"trp-form-language\" value=\"en\"\/><\/form>\n\t\t\t\t<\/div>\n\t\t\t\t<\/div>\n\t\t\t\t\t<\/div>\n\t\t<\/div>\n\t\t\t\t\t<\/div>\n\t\t<\/section>\n\t\t\t\t<\/div>","protected":false},"excerpt":{"rendered":"<p>Bienvenido a mi galer\u00eda de proyectos de arquitectura. Aqu\u00ed encontrar\u00e1s una selecci\u00f3n de algunos de los proyectos que he realizado a lo largo de mi carrera como arquitecto. Cada uno de los proyectos que ver\u00e1s aqu\u00ed ha sido dise\u00f1ado y construido con pasi\u00f3n y dedicaci\u00f3n para satisfacer las necesidades y deseos de mis clientes. Desde [&hellip;]<\/p>","protected":false},"author":7,"featured_media":0,"parent":0,"menu_order":0,"comment_status":"closed","ping_status":"closed","template":"","meta":{"inline_featured_image":false,"footnotes":""},"class_list":["post-3513","page","type-page","status-publish","hentry"],"_links":{"self":[{"href":"https:\/\/joseangelalmela.es\/en\/wp-json\/wp\/v2\/pages\/3513"}],"collection":[{"href":"https:\/\/joseangelalmela.es\/en\/wp-json\/wp\/v2\/pages"}],"about":[{"href":"https:\/\/joseangelalmela.es\/en\/wp-json\/wp\/v2\/types\/page"}],"author":[{"embeddable":true,"href":"https:\/\/joseangelalmela.es\/en\/wp-json\/wp\/v2\/users\/7"}],"replies":[{"embeddable":true,"href":"https:\/\/joseangelalmela.es\/en\/wp-json\/wp\/v2\/comments?post=3513"}],"version-history":[{"count":58,"href":"https:\/\/joseangelalmela.es\/en\/wp-json\/wp\/v2\/pages\/3513\/revisions"}],"predecessor-version":[{"id":3865,"href":"https:\/\/joseangelalmela.es\/en\/wp-json\/wp\/v2\/pages\/3513\/revisions\/3865"}],"wp:attachment":[{"href":"https:\/\/joseangelalmela.es\/en\/wp-json\/wp\/v2\/media?parent=3513"}],"curies":[{"name":"wp","href":"https:\/\/api.w.org\/{rel}","templated":true}]}}