{"id":2698,"date":"2023-03-21T11:01:06","date_gmt":"2023-03-21T10:01:06","guid":{"rendered":"https:\/\/joseangelalmela.es\/?page_id=2698"},"modified":"2023-05-11T10:34:33","modified_gmt":"2023-05-11T08:34:33","slug":"politica-de-cookies","status":"publish","type":"page","link":"https:\/\/joseangelalmela.es\/en\/politica-de-cookies\/","title":{"rendered":"Cookies policy"},"content":{"rendered":"<div data-elementor-type=\"wp-page\" data-elementor-id=\"2698\" class=\"elementor elementor-2698\" data-elementor-post-type=\"page\">\n\t\t\t\t\t\t<section class=\"elementor-section elementor-top-section elementor-element elementor-element-0f9b9f8 elementor-section-full_width elementor-section-height-min-height elementor-section-height-default elementor-section-items-middle\" data-id=\"0f9b9f8\" data-element_type=\"section\" data-settings=\"{&quot;background_background&quot;:&quot;classic&quot;}\">\n\t\t\t\t\t\t<div class=\"elementor-container elementor-column-gap-default\">\n\t\t\t\t\t<div class=\"elementor-column elementor-col-100 elementor-top-column elementor-element elementor-element-a31063b\" data-id=\"a31063b\" data-element_type=\"column\">\n\t\t\t<div class=\"elementor-widget-wrap elementor-element-populated\">\n\t\t\t\t\t\t<div class=\"elementor-element elementor-element-8885324 elementor-widget elementor-widget-heading\" data-id=\"8885324\" data-element_type=\"widget\" data-widget_type=\"heading.default\">\n\t\t\t\t<div class=\"elementor-widget-container\">\n\t\t\t<h1 class=\"elementor-heading-title elementor-size-default\">Cookies policy<\/h1>\t\t<\/div>\n\t\t\t\t<\/div>\n\t\t\t\t\t<\/div>\n\t\t<\/div>\n\t\t\t\t\t<\/div>\n\t\t<\/section>\n\t\t\t\t<section class=\"elementor-section elementor-top-section elementor-element elementor-element-8e4b27b elementor-section-boxed elementor-section-height-default elementor-section-height-default\" data-id=\"8e4b27b\" data-element_type=\"section\">\n\t\t\t\t\t\t<div class=\"elementor-container elementor-column-gap-default\">\n\t\t\t\t\t<div class=\"elementor-column elementor-col-100 elementor-top-column elementor-element elementor-element-fd03dd7\" data-id=\"fd03dd7\" data-element_type=\"column\">\n\t\t\t<div class=\"elementor-widget-wrap elementor-element-populated\">\n\t\t\t\t\t\t<div class=\"elementor-element elementor-element-14eff04 elementor-widget-divider--view-line_icon elementor-widget-divider--element-align-left elementor-view-default elementor-widget elementor-widget-divider\" data-id=\"14eff04\" data-element_type=\"widget\" data-widget_type=\"divider.default\">\n\t\t\t\t<div class=\"elementor-widget-container\">\n\t\t\t\t\t<div class=\"elementor-divider\">\n\t\t\t<span class=\"elementor-divider-separator\">\n\t\t\t\t\t\t\t<div class=\"elementor-icon elementor-divider__element\">\n\t\t\t\t\t<i aria-hidden=\"true\" class=\"far fa-file-alt\"><\/i><\/div>\n\t\t\t\t\t\t<\/span>\n\t\t<\/div>\n\t\t\t\t<\/div>\n\t\t\t\t<\/div>\n\t\t\t\t<section class=\"elementor-section elementor-inner-section elementor-element elementor-element-f280fe5 elementor-section-boxed elementor-section-height-default elementor-section-height-default\" data-id=\"f280fe5\" data-element_type=\"section\">\n\t\t\t\t\t\t<div class=\"elementor-container elementor-column-gap-default\">\n\t\t\t\t\t<div class=\"elementor-column elementor-col-50 elementor-inner-column elementor-element elementor-element-fb0ef03\" data-id=\"fb0ef03\" data-element_type=\"column\">\n\t\t\t<div class=\"elementor-widget-wrap elementor-element-populated\">\n\t\t\t\t\t\t<div class=\"elementor-element elementor-element-a476275 elementor-icon-list--layout-traditional elementor-list-item-link-full_width elementor-widget elementor-widget-icon-list\" data-id=\"a476275\" data-element_type=\"widget\" data-widget_type=\"icon-list.default\">\n\t\t\t\t<div class=\"elementor-widget-container\">\n\t\t\t\t\t<ul class=\"elementor-icon-list-items\">\n\t\t\t\t\t\t\t<li class=\"elementor-icon-list-item\">\n\t\t\t\t\t\t\t\t\t\t\t<a href=\"#1\">\n\n\t\t\t\t\t\t\t\t\t\t\t\t<span class=\"elementor-icon-list-icon\">\n\t\t\t\t\t\t\t<i aria-hidden=\"true\" class=\"far fa-arrow-alt-circle-right\"><\/i>\t\t\t\t\t\t<\/span>\n\t\t\t\t\t\t\t\t\t\t<span class=\"elementor-icon-list-text\">DEFINITION OF COOKIES<\/span>\n\t\t\t\t\t\t\t\t\t\t\t<\/a>\n\t\t\t\t\t\t\t\t\t<\/li>\n\t\t\t\t\t\t\t\t<li class=\"elementor-icon-list-item\">\n\t\t\t\t\t\t\t\t\t\t\t<a href=\"#2\">\n\n\t\t\t\t\t\t\t\t\t\t\t\t<span class=\"elementor-icon-list-icon\">\n\t\t\t\t\t\t\t<i aria-hidden=\"true\" class=\"far fa-arrow-alt-circle-right\"><\/i>\t\t\t\t\t\t<\/span>\n\t\t\t\t\t\t\t\t\t\t<span class=\"elementor-icon-list-text\">COOKIES USED<\/span>\n\t\t\t\t\t\t\t\t\t\t\t<\/a>\n\t\t\t\t\t\t\t\t\t<\/li>\n\t\t\t\t\t\t\t\t<li class=\"elementor-icon-list-item\">\n\t\t\t\t\t\t\t\t\t\t\t<a href=\"#3\">\n\n\t\t\t\t\t\t\t\t\t\t\t\t<span class=\"elementor-icon-list-icon\">\n\t\t\t\t\t\t\t<i aria-hidden=\"true\" class=\"far fa-arrow-alt-circle-right\"><\/i>\t\t\t\t\t\t<\/span>\n\t\t\t\t\t\t\t\t\t\t<span class=\"elementor-icon-list-text\">Preference cookies<\/span>\n\t\t\t\t\t\t\t\t\t\t\t<\/a>\n\t\t\t\t\t\t\t\t\t<\/li>\n\t\t\t\t\t\t\t\t<li class=\"elementor-icon-list-item\">\n\t\t\t\t\t\t\t\t\t\t\t<a href=\"#4\">\n\n\t\t\t\t\t\t\t\t\t\t\t\t<span class=\"elementor-icon-list-icon\">\n\t\t\t\t\t\t\t<i aria-hidden=\"true\" class=\"far fa-arrow-alt-circle-right\"><\/i>\t\t\t\t\t\t<\/span>\n\t\t\t\t\t\t\t\t\t\t<span class=\"elementor-icon-list-text\">Statistics cookies<\/span>\n\t\t\t\t\t\t\t\t\t\t\t<\/a>\n\t\t\t\t\t\t\t\t\t<\/li>\n\t\t\t\t\t\t\t\t<li class=\"elementor-icon-list-item\">\n\t\t\t\t\t\t\t\t\t\t\t<a href=\"#5\">\n\n\t\t\t\t\t\t\t\t\t\t\t\t<span class=\"elementor-icon-list-icon\">\n\t\t\t\t\t\t\t<i aria-hidden=\"true\" class=\"far fa-arrow-alt-circle-right\"><\/i>\t\t\t\t\t\t<\/span>\n\t\t\t\t\t\t\t\t\t\t<span class=\"elementor-icon-list-text\">Marketing cookies<\/span>\n\t\t\t\t\t\t\t\t\t\t\t<\/a>\n\t\t\t\t\t\t\t\t\t<\/li>\n\t\t\t\t\t\t\t\t<li class=\"elementor-icon-list-item\">\n\t\t\t\t\t\t\t\t\t\t\t<a href=\"#6\">\n\n\t\t\t\t\t\t\t\t\t\t\t\t<span class=\"elementor-icon-list-icon\">\n\t\t\t\t\t\t\t<i aria-hidden=\"true\" class=\"far fa-arrow-alt-circle-right\"><\/i>\t\t\t\t\t\t<\/span>\n\t\t\t\t\t\t\t\t\t\t<span class=\"elementor-icon-list-text\">How to disable cookies in the main browsers<\/span>\n\t\t\t\t\t\t\t\t\t\t\t<\/a>\n\t\t\t\t\t\t\t\t\t<\/li>\n\t\t\t\t\t\t<\/ul>\n\t\t\t\t<\/div>\n\t\t\t\t<\/div>\n\t\t\t\t\t<\/div>\n\t\t<\/div>\n\t\t\t\t<div class=\"elementor-column elementor-col-50 elementor-inner-column elementor-element elementor-element-a9d1e1e\" data-id=\"a9d1e1e\" data-element_type=\"column\">\n\t\t\t<div class=\"elementor-widget-wrap\">\n\t\t\t\t\t\t\t<\/div>\n\t\t<\/div>\n\t\t\t\t\t<\/div>\n\t\t<\/section>\n\t\t\t\t<div class=\"elementor-element elementor-element-baabdb6 elementor-widget elementor-widget-spacer\" data-id=\"baabdb6\" data-element_type=\"widget\" data-widget_type=\"spacer.default\">\n\t\t\t\t<div class=\"elementor-widget-container\">\n\t\t\t\t\t<div class=\"elementor-spacer\">\n\t\t\t<div class=\"elementor-spacer-inner\"><\/div>\n\t\t<\/div>\n\t\t\t\t<\/div>\n\t\t\t\t<\/div>\n\t\t\t\t<div class=\"elementor-element elementor-element-2edf0e7 elementor-widget elementor-widget-menu-anchor\" data-id=\"2edf0e7\" data-element_type=\"widget\" data-widget_type=\"menu-anchor.default\">\n\t\t\t\t<div class=\"elementor-widget-container\">\n\t\t\t\t\t<div class=\"elementor-menu-anchor\" id=\"1\"><\/div>\n\t\t\t\t<\/div>\n\t\t\t\t<\/div>\n\t\t\t\t<div class=\"elementor-element elementor-element-5198118 elementor-widget elementor-widget-text-editor\" data-id=\"5198118\" data-element_type=\"widget\" data-widget_type=\"text-editor.default\">\n\t\t\t\t<div class=\"elementor-widget-container\">\n\t\t\t\t\t\t\t<h2><strong>DEFINITION OF COOKIES<\/strong><\/h2><p>Cookies are identifiers that we send to your computer&#039;s hard drive through your Web browser so that our systems can recognize your browser and offer you certain services.<\/p><p>This site uses different types of cookies. Some cookies are placed by third party services that appear on our pages.<\/p><p>Below we indicate the cookies used by this page.<\/p>\t\t\t\t\t\t<\/div>\n\t\t\t\t<\/div>\n\t\t\t\t<div class=\"elementor-element elementor-element-4a80006 elementor-widget elementor-widget-menu-anchor\" data-id=\"4a80006\" data-element_type=\"widget\" data-widget_type=\"menu-anchor.default\">\n\t\t\t\t<div class=\"elementor-widget-container\">\n\t\t\t\t\t<div class=\"elementor-menu-anchor\" id=\"2\"><\/div>\n\t\t\t\t<\/div>\n\t\t\t\t<\/div>\n\t\t\t\t<div class=\"elementor-element elementor-element-bc3c2d4 elementor-widget elementor-widget-text-editor\" data-id=\"bc3c2d4\" data-element_type=\"widget\" data-widget_type=\"text-editor.default\">\n\t\t\t\t<div class=\"elementor-widget-container\">\n\t\t\t\t\t\t\t<h2><strong>COOKIES USED<\/strong><\/h2><p><strong>Necessary cookies<\/strong><\/p><p>Necessary cookies help make a website usable by enabling basic functions like page navigation and access to secure areas of the website. The website cannot function properly without these cookies.<\/p><table width=\"97%\"><tbody><tr><td width=\"14%\"><p><strong>Name<\/strong><\/p><\/td><td width=\"23%\"><p><strong>Supplier<\/strong><\/p><\/td><td width=\"24%\"><p><strong>Purpose<\/strong><\/p><\/td><td width=\"37%\"><p><strong>Expiration<\/strong><\/p><\/td><\/tr><tr><td width=\"14%\"><p>cookie-agreed<\/p><\/td><td width=\"23%\">\u00a0<\/td><td width=\"24%\"><p>Knowing whether, for example, the user has accepted the cookie warning.<\/p><\/td><td width=\"37%\"><p>3 months<\/p><\/td><\/tr><\/tbody><\/table>\t\t\t\t\t\t<\/div>\n\t\t\t\t<\/div>\n\t\t\t\t<div class=\"elementor-element elementor-element-1a4497d elementor-widget elementor-widget-menu-anchor\" data-id=\"1a4497d\" data-element_type=\"widget\" data-widget_type=\"menu-anchor.default\">\n\t\t\t\t<div class=\"elementor-widget-container\">\n\t\t\t\t\t<div class=\"elementor-menu-anchor\" id=\"3\"><\/div>\n\t\t\t\t<\/div>\n\t\t\t\t<\/div>\n\t\t\t\t<div class=\"elementor-element elementor-element-f81ae0b elementor-widget elementor-widget-text-editor\" data-id=\"f81ae0b\" data-element_type=\"widget\" data-widget_type=\"text-editor.default\">\n\t\t\t\t<div class=\"elementor-widget-container\">\n\t\t\t\t\t\t\t<h2><strong>PREFERENCE COOKIES<\/strong><\/h2><p>Preference cookies enable a website to remember information that changes the way the website behaves or looks, like your preferred language or the region that you are in.<\/p>\t\t\t\t\t\t<\/div>\n\t\t\t\t<\/div>\n\t\t\t\t<div class=\"elementor-element elementor-element-1bcdcff elementor-widget elementor-widget-menu-anchor\" data-id=\"1bcdcff\" data-element_type=\"widget\" data-widget_type=\"menu-anchor.default\">\n\t\t\t\t<div class=\"elementor-widget-container\">\n\t\t\t\t\t<div class=\"elementor-menu-anchor\" id=\"4\"><\/div>\n\t\t\t\t<\/div>\n\t\t\t\t<\/div>\n\t\t\t\t<div class=\"elementor-element elementor-element-51094f6 elementor-widget elementor-widget-text-editor\" data-id=\"51094f6\" data-element_type=\"widget\" data-widget_type=\"text-editor.default\">\n\t\t\t\t<div class=\"elementor-widget-container\">\n\t\t\t\t\t\t\t<h2><strong>STATISTICS COOKIES<\/strong><\/h2><p>Statistical cookies help website owners understand how visitors interact with websites by collecting and reporting information anonymously.<\/p><table width=\"97%\"><tbody><tr><td width=\"14%\"><p><strong>Name<\/strong><\/p><\/td><td width=\"23%\"><p><strong>Supplier<\/strong><\/p><\/td><td width=\"24%\"><p><strong>Purpose<\/strong><\/p><\/td><td width=\"37%\"><p><strong>Expiration<\/strong><\/p><\/td><\/tr><tr><td width=\"14%\"><p>_ga<\/p><\/td><td width=\"23%\">\u00a0<\/td><td width=\"24%\"><p>Registers a unique ID that is used to generate statistical data on how the visitor uses the website.<\/p><\/td><td width=\"37%\"><p>2 years<\/p><\/td><\/tr><tr><td width=\"14%\"><p>_gid<\/p><\/td><td width=\"23%\">\u00a0<\/td><td width=\"24%\"><p>Registers a unique ID that is used to generate statistical data on how the visitor uses the website.<\/p><\/td><td width=\"37%\"><p>1 day<\/p><\/td><\/tr><tr><td width=\"14%\"><p>_gat<\/p><\/td><td width=\"23%\">\u00a0<\/td><td width=\"24%\"><p>It is used to limit the percentage of requests<\/p><\/td><td width=\"37%\"><p>Session cookie<\/p><\/td><\/tr><\/tbody><\/table>\t\t\t\t\t\t<\/div>\n\t\t\t\t<\/div>\n\t\t\t\t<div class=\"elementor-element elementor-element-7db2ac6 elementor-widget elementor-widget-menu-anchor\" data-id=\"7db2ac6\" data-element_type=\"widget\" data-widget_type=\"menu-anchor.default\">\n\t\t\t\t<div class=\"elementor-widget-container\">\n\t\t\t\t\t<div class=\"elementor-menu-anchor\" id=\"5\"><\/div>\n\t\t\t\t<\/div>\n\t\t\t\t<\/div>\n\t\t\t\t<div class=\"elementor-element elementor-element-52c3aaf elementor-widget elementor-widget-text-editor\" data-id=\"52c3aaf\" data-element_type=\"widget\" data-widget_type=\"text-editor.default\">\n\t\t\t\t<div class=\"elementor-widget-container\">\n\t\t\t\t\t\t\t<h2><strong>MARKETING COOKIES<\/strong><\/h2><p>Marketing cookies are used to track visitors across websites. The intention is to display ads that are relevant and engaging for the individual user and thereby more valuable for publishers and third party advertisers.<\/p>\t\t\t\t\t\t<\/div>\n\t\t\t\t<\/div>\n\t\t\t\t<div class=\"elementor-element elementor-element-c69fbdd elementor-widget elementor-widget-menu-anchor\" data-id=\"c69fbdd\" data-element_type=\"widget\" data-widget_type=\"menu-anchor.default\">\n\t\t\t\t<div class=\"elementor-widget-container\">\n\t\t\t\t\t<div class=\"elementor-menu-anchor\" id=\"6\"><\/div>\n\t\t\t\t<\/div>\n\t\t\t\t<\/div>\n\t\t\t\t<div class=\"elementor-element elementor-element-69c655f elementor-widget elementor-widget-text-editor\" data-id=\"69c655f\" data-element_type=\"widget\" data-widget_type=\"text-editor.default\">\n\t\t\t\t<div class=\"elementor-widget-container\">\n\t\t\t\t\t\t\t<h2><strong>HOW TO DISABLE COOKIES IN MAJOR BROWSERS<\/strong><\/h2><p>It is usually possible to stop your browser from accepting Cookies, or to stop it from accepting Cookies from a particular Service.<\/p><p>All modern browsers allow you to change your cookie settings. These settings are usually found in the &#039;Options&#039; or &#039;Preferences&#039; menu of your browser. You can also configure your browser or email client to do so.<\/p><p>Below is guidance for the User on the steps to access the cookie configuration menu and, where applicable, private browsing in each of the main browsers:<\/p><p><strong>Internet Explorer:<\/strong>\u00a0Tools -&gt; Internet Options -&gt; Privacy -&gt; Settings. For more information, you can refer to the\u00a0<a href=\"http:\/\/windows.microsoft.com\/es-ES\/windows\/support\" target=\"_blank\" rel=\"noopener\">Microsoft Support<\/a>\u00a0or the browser Help.<\/p><p><strong>Firefox:<\/strong>\u00a0Tools -&gt; Options -&gt; Privacy -&gt; History -&gt; Custom Settings. For more information, you can refer to the\u00a0<a href=\"http:\/\/support.mozilla.org\/es\/home\" target=\"_blank\" rel=\"noopener\">Mozilla support<\/a>\u00a0or the browser Help.<\/p><p><strong>Chrome:<\/strong>\u00a0Settings -&gt; Show advanced settings -&gt; Privacy -&gt; Content settings. For more information, you can consult the\u00a0<a href=\"http:\/\/support.google.com\/chrome\/?hl=es\" target=\"_blank\" rel=\"noopener\">Google support<\/a>\u00a0or the browser Help.<\/p><p><strong>Safari:<\/strong>\u00a0Preferences -&gt; Security. For more information, you can consult the\u00a0<a href=\"http:\/\/www.apple.com\/es\/support\/safari\/\" target=\"_blank\" rel=\"noopener\">Apple Support<\/a>\u00a0or the browser Help.<\/p><p><strong>What happens if Cookies are disabled?<\/strong><\/p><p>Some features of the Services will be disabled, such as remaining logged in, keeping purchases in the \u201cshopping cart,\u201d etc.<\/p>\t\t\t\t\t\t<\/div>\n\t\t\t\t<\/div>\n\t\t\t\t\t<\/div>\n\t\t<\/div>\n\t\t\t\t\t<\/div>\n\t\t<\/section>\n\t\t\t\t<\/div>","protected":false},"excerpt":{"rendered":"<p>DEFINICI\u00d3N DE COOKIES COOKIES UTILIZADAS Cookies de preferencias Cookies de estad\u00edsticas Cookies de m\u00e1rketing C\u00f3mo deshabilitar las Cookies en los principales navegadores DEFINICI\u00d3N DE COOKIES Las cookies son identificadores que enviamos al disco duro de su ordenador a trav\u00e9s de su navegador Web con el fin de que nuestros sistemas puedan reconocer su navegador y [&hellip;]<\/p>","protected":false},"author":7,"featured_media":0,"parent":0,"menu_order":0,"comment_status":"closed","ping_status":"closed","template":"","meta":{"inline_featured_image":false,"footnotes":""},"class_list":["post-2698","page","type-page","status-publish","hentry"],"_links":{"self":[{"href":"https:\/\/joseangelalmela.es\/en\/wp-json\/wp\/v2\/pages\/2698"}],"collection":[{"href":"https:\/\/joseangelalmela.es\/en\/wp-json\/wp\/v2\/pages"}],"about":[{"href":"https:\/\/joseangelalmela.es\/en\/wp-json\/wp\/v2\/types\/page"}],"author":[{"embeddable":true,"href":"https:\/\/joseangelalmela.es\/en\/wp-json\/wp\/v2\/users\/7"}],"replies":[{"embeddable":true,"href":"https:\/\/joseangelalmela.es\/en\/wp-json\/wp\/v2\/comments?post=2698"}],"version-history":[{"count":22,"href":"https:\/\/joseangelalmela.es\/en\/wp-json\/wp\/v2\/pages\/2698\/revisions"}],"predecessor-version":[{"id":3827,"href":"https:\/\/joseangelalmela.es\/en\/wp-json\/wp\/v2\/pages\/2698\/revisions\/3827"}],"wp:attachment":[{"href":"https:\/\/joseangelalmela.es\/en\/wp-json\/wp\/v2\/media?parent=2698"}],"curies":[{"name":"wp","href":"https:\/\/api.w.org\/{rel}","templated":true}]}}